{"id":1299,"date":"2020-01-18T21:16:12","date_gmt":"2020-01-18T21:16:12","guid":{"rendered":"http:\/\/reorientdesign.com\/?page_id=1299"},"modified":"2020-02-09T01:53:09","modified_gmt":"2020-02-09T01:53:09","slug":"manifeszt","status":"publish","type":"page","link":"https:\/\/reorientdesign.com\/index.php\/manifeszt\/","title":{"rendered":"MANIFESZT Szolg\u00e1ltat\u00e1s"},"content":{"rendered":"<section style=\"\" >\n                    <img loading=\"lazy\" decoding=\"async\" width=\"1200\" height=\"900\" src=\"http:\/\/reorientdesign.com\/wp-content\/uploads\/2020\/01\/KOMPLETT-Kitchen-1-scaled-e1579684497831.jpg\" alt=\"MANIFESZT Kitchen\" data-ratio=\"1.33\" data-original-w=\"1200\" \/>                    <img loading=\"lazy\" decoding=\"async\" width=\"1200\" height=\"900\" src=\"http:\/\/reorientdesign.com\/wp-content\/uploads\/2020\/01\/KOMPLETT-Kitchen-before-scaled-e1579684464457.jpg\" alt=\"MANIFESZT Kitchen before\" data-ratio=\"1.33\" data-original-w=\"1200\" \/><br \/>\n<\/section>\n<p><!-- widget-container -->\t\t<\/p>\n<h4>Unfinished New Build Flat?<\/h4>\n<p>Custom Kitchens, Bathrooms &amp; Flat Finishing Service in Budapest<\/p>\n<p>Our new initiative MANIFESZT offers kitchens, bathrooms and flat finishing services for new build apartments in Budapest.<\/p>\n<p>Our business partners can assist in discussions with the construction representative regarding unfinished work, leaks, other repairs and insurance claims.<\/p>\n<h4>Unfinished New Build Flat?<\/h4>\n<p>Custom Kitchens, Bathrooms &amp; Flat Finishing Service in Budapest<\/p>\n<p>Our new initiative MANIFESZT offers kitchens, bathrooms and flat finishing services for new build apartments in Budapest.<\/p>\n<p>Our business partners can assist in discussions with the construction representative regarding unfinished work, leaks, other repairs and insurance claims.\u00a0<\/p>\n<p>\t\t\t\t\t\t\t\t\t\t<img decoding=\"async\" src=\"http:\/\/reorientdesign.com\/wp-content\/uploads\/elementor\/thumbs\/manifeszt-ok3k9xptxb7v6lfqrmsvnhmtraqnxjwgmy6ri97ehi.png\" title=\"manifeszt\" alt=\"manifeszt\" \/>\t\t\t\t\t\t\t\t\t\t\t<\/p>\n<h4>\u00daj Vev\u0151i Vizsg\u00e1lat \/ New Customer Survey<\/h4>\n<p>[ninja_form id=7]<\/p>\n","protected":false},"excerpt":{"rendered":"<p>Ezt a konyh\u00e1t a KOMPLETT szolg\u00e1ltat\u00e1s r\u00e9szek\u00e9nt telep\u00edtett\u00fck, amely konyh\u00e1kat \u00e9s f\u00fcrd\u0151szob\u00e1kat k\u00edn\u00e1l \u00faj \u00e9p\u00edt\u00e9s\u0171 lak\u00e1sok sz\u00e1m\u00e1ra Budapesten.<\/p>\n","protected":false},"author":1,"featured_media":1224,"parent":0,"menu_order":0,"comment_status":"closed","ping_status":"closed","template":"","meta":{"footnotes":""},"class_list":["post-1299","page","type-page","status-publish","has-post-thumbnail","hentry"],"yoast_head":"<!-- This site is optimized with the Yoast SEO plugin v26.9 - https:\/\/yoast.com\/product\/yoast-seo-wordpress\/ -->\n<title>MANIFESZT Szolg\u00e1ltat\u00e1s - reorient design<\/title>\n<meta name=\"robots\" content=\"index, follow, max-snippet:-1, max-image-preview:large, max-video-preview:-1\" \/>\n<link rel=\"canonical\" href=\"https:\/\/reorientdesign.com\/index.php\/manifeszt\/\" \/>\n<meta property=\"og:locale\" content=\"en_GB\" \/>\n<meta property=\"og:type\" content=\"article\" \/>\n<meta property=\"og:title\" content=\"MANIFESZT Szolg\u00e1ltat\u00e1s - reorient design\" \/>\n<meta property=\"og:description\" content=\"Ezt a konyh\u00e1t a KOMPLETT szolg\u00e1ltat\u00e1s r\u00e9szek\u00e9nt telep\u00edtett\u00fck, amely konyh\u00e1kat \u00e9s f\u00fcrd\u0151szob\u00e1kat k\u00edn\u00e1l \u00faj \u00e9p\u00edt\u00e9s\u0171 lak\u00e1sok sz\u00e1m\u00e1ra Budapesten.\" \/>\n<meta property=\"og:url\" content=\"https:\/\/reorientdesign.com\/index.php\/manifeszt\/\" \/>\n<meta property=\"og:site_name\" content=\"reorient design\" \/>\n<meta property=\"article:modified_time\" content=\"2020-02-09T01:53:09+00:00\" \/>\n<meta property=\"og:image\" content=\"https:\/\/i0.wp.com\/reorientdesign.com\/wp-content\/uploads\/2020\/01\/KOMPLETT-Kitchen-scaled-e1579634694295.jpg?fit=1200%2C801&ssl=1\" \/>\n\t<meta property=\"og:image:width\" content=\"1200\" \/>\n\t<meta property=\"og:image:height\" content=\"801\" \/>\n\t<meta property=\"og:image:type\" content=\"image\/jpeg\" \/>\n<meta name=\"twitter:card\" content=\"summary_large_image\" \/>\n<meta name=\"twitter:label1\" content=\"Estimated reading time\" \/>\n\t<meta name=\"twitter:data1\" content=\"1 minute\" \/>\n<script type=\"application\/ld+json\" class=\"yoast-schema-graph\">{\"@context\":\"https:\/\/schema.org\",\"@graph\":[{\"@type\":\"WebPage\",\"@id\":\"https:\/\/reorientdesign.com\/index.php\/manifeszt\/\",\"url\":\"https:\/\/reorientdesign.com\/index.php\/manifeszt\/\",\"name\":\"MANIFESZT Szolg\u00e1ltat\u00e1s - reorient design\",\"isPartOf\":{\"@id\":\"https:\/\/reorientdesign.com\/#website\"},\"primaryImageOfPage\":{\"@id\":\"https:\/\/reorientdesign.com\/index.php\/manifeszt\/#primaryimage\"},\"image\":{\"@id\":\"https:\/\/reorientdesign.com\/index.php\/manifeszt\/#primaryimage\"},\"thumbnailUrl\":\"https:\/\/reorientdesign.com\/wp-content\/uploads\/2020\/01\/KOMPLETT-Kitchen-scaled-e1579634694295.jpg\",\"datePublished\":\"2020-01-18T21:16:12+00:00\",\"dateModified\":\"2020-02-09T01:53:09+00:00\",\"breadcrumb\":{\"@id\":\"https:\/\/reorientdesign.com\/index.php\/manifeszt\/#breadcrumb\"},\"inLanguage\":\"en-GB\",\"potentialAction\":[{\"@type\":\"ReadAction\",\"target\":[\"https:\/\/reorientdesign.com\/index.php\/manifeszt\/\"]}]},{\"@type\":\"ImageObject\",\"inLanguage\":\"en-GB\",\"@id\":\"https:\/\/reorientdesign.com\/index.php\/manifeszt\/#primaryimage\",\"url\":\"https:\/\/reorientdesign.com\/wp-content\/uploads\/2020\/01\/KOMPLETT-Kitchen-scaled-e1579634694295.jpg\",\"contentUrl\":\"https:\/\/reorientdesign.com\/wp-content\/uploads\/2020\/01\/KOMPLETT-Kitchen-scaled-e1579634694295.jpg\",\"width\":1200,\"height\":801},{\"@type\":\"BreadcrumbList\",\"@id\":\"https:\/\/reorientdesign.com\/index.php\/manifeszt\/#breadcrumb\",\"itemListElement\":[{\"@type\":\"ListItem\",\"position\":1,\"name\":\"Home\",\"item\":\"https:\/\/reorientdesign.com\/\"},{\"@type\":\"ListItem\",\"position\":2,\"name\":\"MANIFESZT Szolg\u00e1ltat\u00e1s\"}]},{\"@type\":\"WebSite\",\"@id\":\"https:\/\/reorientdesign.com\/#website\",\"url\":\"https:\/\/reorientdesign.com\/\",\"name\":\"reorient design\",\"description\":\"architecture &amp; interior design studio\",\"publisher\":{\"@id\":\"https:\/\/reorientdesign.com\/#organization\"},\"potentialAction\":[{\"@type\":\"SearchAction\",\"target\":{\"@type\":\"EntryPoint\",\"urlTemplate\":\"https:\/\/reorientdesign.com\/?s={search_term_string}\"},\"query-input\":{\"@type\":\"PropertyValueSpecification\",\"valueRequired\":true,\"valueName\":\"search_term_string\"}}],\"inLanguage\":\"en-GB\"},{\"@type\":\"Organization\",\"@id\":\"https:\/\/reorientdesign.com\/#organization\",\"name\":\"reorient design\",\"url\":\"https:\/\/reorientdesign.com\/\",\"logo\":{\"@type\":\"ImageObject\",\"inLanguage\":\"en-GB\",\"@id\":\"https:\/\/reorientdesign.com\/#\/schema\/logo\/image\/\",\"url\":\"https:\/\/reorientdesign.com\/wp-content\/uploads\/2021\/04\/reorient_logo_small_V.png\",\"contentUrl\":\"https:\/\/reorientdesign.com\/wp-content\/uploads\/2021\/04\/reorient_logo_small_V.png\",\"width\":25,\"height\":110,\"caption\":\"reorient design\"},\"image\":{\"@id\":\"https:\/\/reorientdesign.com\/#\/schema\/logo\/image\/\"}}]}<\/script>\n<!-- \/ Yoast SEO plugin. -->","yoast_head_json":{"title":"MANIFESZT Szolg\u00e1ltat\u00e1s - reorient design","robots":{"index":"index","follow":"follow","max-snippet":"max-snippet:-1","max-image-preview":"max-image-preview:large","max-video-preview":"max-video-preview:-1"},"canonical":"https:\/\/reorientdesign.com\/index.php\/manifeszt\/","og_locale":"en_GB","og_type":"article","og_title":"MANIFESZT Szolg\u00e1ltat\u00e1s - reorient design","og_description":"Ezt a konyh\u00e1t a KOMPLETT szolg\u00e1ltat\u00e1s r\u00e9szek\u00e9nt telep\u00edtett\u00fck, amely konyh\u00e1kat \u00e9s f\u00fcrd\u0151szob\u00e1kat k\u00edn\u00e1l \u00faj \u00e9p\u00edt\u00e9s\u0171 lak\u00e1sok sz\u00e1m\u00e1ra Budapesten.","og_url":"https:\/\/reorientdesign.com\/index.php\/manifeszt\/","og_site_name":"reorient design","article_modified_time":"2020-02-09T01:53:09+00:00","og_image":[{"width":1200,"height":801,"url":"https:\/\/i0.wp.com\/reorientdesign.com\/wp-content\/uploads\/2020\/01\/KOMPLETT-Kitchen-scaled-e1579634694295.jpg?fit=1200%2C801&ssl=1","type":"image\/jpeg"}],"twitter_card":"summary_large_image","twitter_misc":{"Estimated reading time":"1 minute"},"schema":{"@context":"https:\/\/schema.org","@graph":[{"@type":"WebPage","@id":"https:\/\/reorientdesign.com\/index.php\/manifeszt\/","url":"https:\/\/reorientdesign.com\/index.php\/manifeszt\/","name":"MANIFESZT Szolg\u00e1ltat\u00e1s - reorient design","isPartOf":{"@id":"https:\/\/reorientdesign.com\/#website"},"primaryImageOfPage":{"@id":"https:\/\/reorientdesign.com\/index.php\/manifeszt\/#primaryimage"},"image":{"@id":"https:\/\/reorientdesign.com\/index.php\/manifeszt\/#primaryimage"},"thumbnailUrl":"https:\/\/reorientdesign.com\/wp-content\/uploads\/2020\/01\/KOMPLETT-Kitchen-scaled-e1579634694295.jpg","datePublished":"2020-01-18T21:16:12+00:00","dateModified":"2020-02-09T01:53:09+00:00","breadcrumb":{"@id":"https:\/\/reorientdesign.com\/index.php\/manifeszt\/#breadcrumb"},"inLanguage":"en-GB","potentialAction":[{"@type":"ReadAction","target":["https:\/\/reorientdesign.com\/index.php\/manifeszt\/"]}]},{"@type":"ImageObject","inLanguage":"en-GB","@id":"https:\/\/reorientdesign.com\/index.php\/manifeszt\/#primaryimage","url":"https:\/\/reorientdesign.com\/wp-content\/uploads\/2020\/01\/KOMPLETT-Kitchen-scaled-e1579634694295.jpg","contentUrl":"https:\/\/reorientdesign.com\/wp-content\/uploads\/2020\/01\/KOMPLETT-Kitchen-scaled-e1579634694295.jpg","width":1200,"height":801},{"@type":"BreadcrumbList","@id":"https:\/\/reorientdesign.com\/index.php\/manifeszt\/#breadcrumb","itemListElement":[{"@type":"ListItem","position":1,"name":"Home","item":"https:\/\/reorientdesign.com\/"},{"@type":"ListItem","position":2,"name":"MANIFESZT Szolg\u00e1ltat\u00e1s"}]},{"@type":"WebSite","@id":"https:\/\/reorientdesign.com\/#website","url":"https:\/\/reorientdesign.com\/","name":"reorient design","description":"architecture &amp; interior design studio","publisher":{"@id":"https:\/\/reorientdesign.com\/#organization"},"potentialAction":[{"@type":"SearchAction","target":{"@type":"EntryPoint","urlTemplate":"https:\/\/reorientdesign.com\/?s={search_term_string}"},"query-input":{"@type":"PropertyValueSpecification","valueRequired":true,"valueName":"search_term_string"}}],"inLanguage":"en-GB"},{"@type":"Organization","@id":"https:\/\/reorientdesign.com\/#organization","name":"reorient design","url":"https:\/\/reorientdesign.com\/","logo":{"@type":"ImageObject","inLanguage":"en-GB","@id":"https:\/\/reorientdesign.com\/#\/schema\/logo\/image\/","url":"https:\/\/reorientdesign.com\/wp-content\/uploads\/2021\/04\/reorient_logo_small_V.png","contentUrl":"https:\/\/reorientdesign.com\/wp-content\/uploads\/2021\/04\/reorient_logo_small_V.png","width":25,"height":110,"caption":"reorient design"},"image":{"@id":"https:\/\/reorientdesign.com\/#\/schema\/logo\/image\/"}}]}},"_links":{"self":[{"href":"https:\/\/reorientdesign.com\/index.php\/wp-json\/wp\/v2\/pages\/1299","targetHints":{"allow":["GET"]}}],"collection":[{"href":"https:\/\/reorientdesign.com\/index.php\/wp-json\/wp\/v2\/pages"}],"about":[{"href":"https:\/\/reorientdesign.com\/index.php\/wp-json\/wp\/v2\/types\/page"}],"author":[{"embeddable":true,"href":"https:\/\/reorientdesign.com\/index.php\/wp-json\/wp\/v2\/users\/1"}],"replies":[{"embeddable":true,"href":"https:\/\/reorientdesign.com\/index.php\/wp-json\/wp\/v2\/comments?post=1299"}],"version-history":[{"count":0,"href":"https:\/\/reorientdesign.com\/index.php\/wp-json\/wp\/v2\/pages\/1299\/revisions"}],"wp:featuredmedia":[{"embeddable":true,"href":"https:\/\/reorientdesign.com\/index.php\/wp-json\/wp\/v2\/media\/1224"}],"wp:attachment":[{"href":"https:\/\/reorientdesign.com\/index.php\/wp-json\/wp\/v2\/media?parent=1299"}],"curies":[{"name":"wp","href":"https:\/\/api.w.org\/{rel}","templated":true}]}}